{"id":367,"date":"2018-11-22T10:27:46","date_gmt":"2018-11-22T08:27:46","guid":{"rendered":"http:\/\/www.cybersecurity.khpi.edu.ua\/conf\/?page_id=367"},"modified":"2026-04-09T12:19:06","modified_gmt":"2026-04-09T09:19:06","slug":"dear-colleagues","status":"publish","type":"page","link":"https:\/\/cybersecurity.khpi.edu.ua\/conf\/?page_id=367&lang=en","title":{"rendered":"VI International Scientific and Practical Conference &#8220;INFORMATION SECURITY AND INFORMATION TECHNOLOGIES&#8221;"},"content":{"rendered":"\n<p class=\"has-text-align-center has-vivid-red-color has-text-color has-link-color has-medium-font-size wp-elements-e63fcfded9c8b9d7e0ff724977ce508c\"><strong>WARNING!!! <u>The deadline for submitting materials has been extended <\/u>until April 15, 2026<\/strong><\/p>\n\n\n\n<p>April 29 &#8211; May 1, 2026, on the basis of the National University &#8220;Ostroh Academy&#8221; will host the VI International Scientific and Practical Conference \u201cInformation Security and Information Technologies\u201d, dedicated to topical areas of information technologies development in Ukraine and the world.<\/p>\n\n\n\n<p>Scientists, lecturers, graduate students, students, employees of scientific institutions and industrial enterprises are invited to participate in the conference.<\/p>\n\n\n\n<h3 class=\"wp-block-heading has-text-align-center has-cyan-bluish-gray-color has-text-color\" style=\"font-size:26px\"><strong>CONFERENCE ORGANIZERS:<\/strong><\/h3>\n\n\n\n<p class=\"has-text-align-center\"><a href=\"https:\/\/mon.gov.ua\/\">MINISTRY OF EDUCATION AND SCIENCE OF UKRAINE<\/a>,<br><a href=\"https:\/\/www.kpi.kharkov.ua\/ukr\/\">NATIONAL TECHNICAL UNIVERSITY \u00abKHARKIV POLYTECHNIC INSTITUTE\u00bb<\/a>,<br><a href=\"https:\/\/www.oa.edu.ua\/\">NATIONAL UNIVERSITY &#8220;OSTROH ACADEMY&#8221;<\/a>,<br><a href=\"https:\/\/onu.edu.ua\/uk\/\">I. I. MECHNIKOV ODESA NATIONAL UNIVERSITY<\/a>,<br><a href=\"https:\/\/anvsu.org.ua\/\">ACADEMY OF SCIENCES OF THE HIGHER SCHOOL OF UKRAINE<\/a>,<br><a href=\"https:\/\/belek.edu.tr\/\">ANTALYA BELEK UNIVERSITY, T\u00dcRK\u0130YE<\/a>,<br><a href=\"https:\/\/aztu.edu.az\/az\">AZERBAIJAN TECHNICAL UNIVERSITY, AZERBAIJAN<\/a>,<br><a href=\"https:\/\/asoiu.edu.az\/\">AZERBAIJAN STATE OIL AND INDUSTRY UNIVERSITY, AZERBAIJAN<\/a>,<br><a href=\"https:\/\/www.karabuk.edu.tr\/\">KARABUK UNIVERSITY, TURKEY<\/a>,<br><a href=\"https:\/\/www.isparta.edu.tr\/\">ISPARTA UNIVERSITY OF APPLIED SCIENCES, TURKEY<\/a>,<br><a href=\"https:\/\/www.adu.edu.tr\/\">ADNAN MENDERES UNIVERSITY, TURKEY<\/a>,<br><a href=\"https:\/\/nmu.org.ua\/\">DNIPRO UNIVERSITY OF TECHNOLOGY<\/a>,<br><a href=\"https:\/\/onua.edu.ua\/ua\/\">NATIONAL UNIVERSITY &#8220;ODESSA LAW ACADEMY&#8221;<\/a>,<br><a href=\"https:\/\/lnu.edu.ua\/\">IVAN FRANKO NATIONAL UNIVERSITE OF LVIV<\/a><\/p>\n\n\n\n<p><a href=\"https:\/\/cybersecurity.khpi.edu.ua\/\">Department of Cyber \u200b\u200bSecurity<\/a> of the National Technical University &#8220;Kharkiv Polytechnic Institute&#8221;.<\/p>\n\n\n\n<p>Today, the National Technical University &#8220;Kharkiv Polytechnic Institute&#8221; is the largest educational center of the technical and IT profile in the city of Kharkiv, and one of the best technical universities in Ukraine, which trains highly qualified specialists in the IT field.<\/p>\n\n\n\n<hr class=\"wp-block-separator has-alpha-channel-opacity\"\/>\n\n\n\n<h3 class=\"wp-block-heading\">The purpose of the conference<\/h3>\n\n\n\n<p>Exchange of new ideas obtained from the theoretical and practical results of scientific research in the field of information security and computer technologies. Discussion of the current state of information security in Ukraine and in the world, as well as ways to improve it. Discussion of promising directions for the development of information technologies. Integration of efforts to implement research results, establish creative contacts and expand scientific connections.<\/p>\n\n\n\n<hr class=\"wp-block-separator has-alpha-channel-opacity\"\/>\n\n\n\n<details class=\"wp-block-details is-layout-flow wp-block-details-is-layout-flow\"><summary><strong>ORGANIZING COMMITTEE<\/strong><\/summary>\n<p>S. Yevseiev, Dr. Tech. Sci., Professor, Head of Cyber \u200b\u200bSecurity Department of NTU &#8220;KhPI&#8221;.<br>O. Akhiiezer, Cand. Tech. Sci., Associate Professor, Head of Computer Mathematics and Data Analysis Department of NTU &#8220;KhPI&#8221;.<br>O. Kryvytska, Dr. Ec. Sci., Prof., Head of Information Technologies and Data Analytics Department of the National University &#8220;OSTROH ACADEMY&#8221;<br>A. Nikitin, Dr. Phys.\u2013Math. Sci., Professor, Head of Information Technologies and Data Analytics Department of the National University &#8220;OSTROH ACADEMY&#8221;<br>S. Milevskyi, Dr. Tech. Sci., Professor of Cyber \u200b\u200bSecurity Department of NTU &#8220;KhPI&#8221;.<\/p>\n\n\n\n<p><\/p>\n<\/details>\n\n\n\n<hr class=\"wp-block-separator has-alpha-channel-opacity\"\/>\n\n\n\n<details class=\"wp-block-details is-layout-flow wp-block-details-is-layout-flow\"><summary><strong>WORKING GROUP<\/strong><\/summary>\n<p>H. Shevchenko, Cand. Tech. Sci., Associate Professor of Information Technologies and Data Analytics Department of the National University &#8220;OSTROH ACADEMY&#8221;<br>Yu. Hrytsuk, Cand. Tech. Sci., Associate Professor of Information Technologies and Data Analytics Department of the National University &#8220;OSTROH ACADEMY&#8221;<br>B. Krasiuk, PhD in applied mathematics, senior lecturer of Information Technologies and Data Analytics Department of the National University &#8220;OSTROH ACADEMY&#8221;<br>A. Prus , Doctor of Philosophy in Mathematics, Associate Professor of Mathematics and Intellectual Computing Department of the National University &#8220;OSTROH ACADEMY&#8221;<br>O. Korol, Cand. Tech. Sci., Associate Professor of Cyber \u200b\u200bSecurity Department of NTU &#8220;KhPI&#8221;.<br>Ye. Sevriukova, PhD, Associate Professor of Cyber \u200b\u200bSecurity Department of NTU &#8220;KhPI&#8221;.<\/p>\n<\/details>\n\n\n\n<hr class=\"wp-block-separator has-alpha-channel-opacity\"\/>\n\n\n\n<details class=\"wp-block-details is-layout-flow wp-block-details-is-layout-flow\"><summary><strong>PROGRAMME COMMITTEE<\/strong><\/summary>\n<p>O. Barabash, Dr. Tech. Sci., Professor (Ukraine)<br>R. Hryshchuk, Dr. Tech. Sci., Professor (Ukraine)<br>S. Yevseiev, Dr. Tech. Sci., Professor (Ukraine)<br>S. Ivanchenko, Dr. Tech. Sci., Professor (Ukraine)<br>N. Kazakova, Dr. Tech. Sci., Professor (Ukraine)<br>M. Karpinskyi, Dr. Tech. Sci., Professor (Poland)<br>O. Korchenko, Dr. Tech. Sci., Professor (Ukraine)<br>O. Lapteiv, Dr. Tech. Sci., Senior Research Fellow (Ukraine)<br>N. Lukova-Chuiko, Dr. Tech. Sci., Professor (Germany)<br>P. Milcharski, Dr. Tech. Sci., Professor (Poland)<br>M. Nazarkevych, Dr. Tech. Sci., Professor (Ukraine)<br>L. Petryshyn, Dr. Tech. Sci., Professor (Poland)<br>O. Rudenko, Dr. Tech. Sci., Professor (Ukraine)<br>V. Savchenko, Dr. Tech. Sci., Professor (Ukraine)<br>O. Smirnov, Dr. Tech. Sci., Professor (Ukraine)<br>S. Toliupa, Dr. Tech. Sci., Professor (Ukraine)<br>M. Shelest, Dr. Tech. Sci., Professor (Ukraine)<br>V. Dudikevych, Dr. Tech. Sci., Professor (Ukraine)<br>I. Opirskyi, Dr. Tech. Sci., Professor (Ukraine)<br>A. Kobozeva, Dr. Tech. Sci., Professor (Ukraine)<br>S. Pohorielov, Dr. Phys.\u2013Math. Sci., Professor (Ukraine)<br>Aydin M., Dr. (T\u00fcrkiye)<br>\u00d6zsoy K., Dr. (T\u00fcrkiye)<br>Demircio\u011flu P., Professor (T\u00fcrkiye)<br>\u00c7etinkaya K., Professor (T\u00fcrkiye)<br>B\u0435kirova L., D.Sc., Professor (Azerbaijan)<br>P. Venherskiy, Dr. Phys.\u2013Math. Sci., Professor (Ukraine)<br>O. Gutik, Cand. Phys.\u2013Math. Sci., Professor (Ukraine)<\/p>\n\n\n\n<p><\/p>\n\n\n\n<p><\/p>\n\n\n\n<p><\/p>\n<\/details>\n\n\n\n<hr class=\"wp-block-separator has-alpha-channel-opacity\"\/>\n\n\n\n<h2 class=\"wp-block-heading has-text-align-center\" style=\"font-size:26px\">IMPORTANT DATES<\/h2>\n\n\n\n<ol class=\"wp-block-list\">\n<li>Registration \/ application for participation \u2026\u2026\u2026\u2026\u2026&#8230;.<s>until 20.03.2026<\/s><br><strong>extended until 15.04.2026<\/strong><\/li>\n\n\n\n<li>Submission of materials to the conference\u2026\u2026\u2026\u2026\u2026\u2026.<s>until 20.03.2026<\/s><br><strong>extended until 15.04.2026<\/strong><\/li>\n\n\n\n<li>Reviewing of materials\u2026\u2026\u2026\u2026\u2026\u2026\u2026\u2026\u2026\u2026\u2026\u2026&#8230;&#8230;&#8230;<s>until 10.04.2026<\/s><br><strong>extended until 20.04.2026<\/strong><\/li>\n\n\n\n<li>Submission of corrected materials \u2026\u2026\u2026\u2026\u2026\u2026\u2026\u2026&#8230;..<s>until 15.04.2026<\/s><br><strong>extended until 25.04.2026<\/strong><\/li>\n\n\n\n<li>Submission of video presentations of reports \u2026\u2026\u2026\u2026<s>until 15.04.2026<\/s><br><strong>extended until 25.04.2026<\/strong><\/li>\n<\/ol>\n\n\n\n<hr class=\"wp-block-separator has-alpha-channel-opacity\"\/>\n\n\n\n<h2 class=\"wp-block-heading has-text-align-center\" style=\"font-size:26px\">MAIN SECTIONS OF THE CONFERENCE<\/h2>\n\n\n\n<p><strong><em>Section 1 \u2013 Information security of the state, society and the individual:<\/em><\/strong><\/p>\n\n\n\n<ul class=\"wp-block-list\">\n<li>Information security of the state.<\/li>\n\n\n\n<li>Information and psychological security.<\/li>\n\n\n\n<li>Information security in computer systems and networks.<\/li>\n\n\n\n<li>Information security in cloud storage.<\/li>\n\n\n\n<li>Cryptographic means of information protection.<\/li>\n\n\n\n<li>Steganographic means of information protection.<\/li>\n\n\n\n<li>Technical means of information protection.<\/li>\n\n\n\n<li>Integrated information security systems.<\/li>\n\n\n\n<li>Personal data protection.<\/li>\n\n\n\n<li>Information wars.<\/li>\n\n\n\n<li>Cyberterrorism and cybersecurity.<\/li>\n\n\n\n<li>Information security audit.<\/li>\n\n\n\n<li>Management in information security.<\/li>\n<\/ul>\n\n\n\n<p><strong><em>Section 2 \u2013 Mathematical Methods and Information and Communication Technologies in Intelligent Systems:<\/em><\/strong><\/p>\n\n\n\n<ul class=\"wp-block-list\">\n<li>Intelligent data analysis and data science<\/li>\n\n\n\n<li>Knowledge presentation models in expert systems<\/li>\n\n\n\n<li>Parallel, distributed and cloud computing.<\/li>\n\n\n\n<li>Modeling of complex systems.<\/li>\n\n\n\n<li>Game programs and computer graphics.<\/li>\n\n\n\n<li>Mathematical and computer modeling<\/li>\n\n\n\n<li>Programming of mobile and embedded systems.<\/li>\n\n\n\n<li>Computer electronics and circuit engineering.<\/li>\n\n\n\n<li>Big data in information technologies.<\/li>\n\n\n\n<li>Augmented reality applications.<\/li>\n\n\n\n<li>Management in the IT sphere.<\/li>\n\n\n\n<li>Artificial neural networks.<\/li>\n\n\n\n<li>Intelligent agents and multi-agent systems.<\/li>\n\n\n\n<li>Genetic algorithms and genetic programming.<\/li>\n\n\n\n<li>Simulation modeling and optimization methods.<\/li>\n\n\n\n<li>Decision support systems.<\/li>\n\n\n\n<li>Information support of technological processes.<\/li>\n\n\n\n<li>Machine learning.<\/li>\n\n\n\n<li>Deep Learning.<\/li>\n\n\n\n<li>Natural language processing (NLP).<\/li>\n\n\n\n<li>Robotic and autonomous intelligent systems<\/li>\n<\/ul>\n\n\n\n<hr class=\"wp-block-separator has-alpha-channel-opacity\"\/>\n\n\n\n<p><strong>Form of participation:<\/strong>&nbsp;full-time or remotely<\/p>\n\n\n\n<p>The conference participants cover the costs of meals, accommodation, transportation, and the cultural program on their own.<\/p>\n\n\n\n<hr class=\"wp-block-separator has-alpha-channel-opacity\"\/>\n\n\n\n<h3 class=\"wp-block-heading has-text-align-center\" style=\"font-size:26px\">WORKING LANGUAGES:<\/h3>\n\n\n\n<p class=\"has-text-align-center\"><strong>reports in video presentation format<\/strong> \u2212 Ukrainian, English<br><strong>materials of abstracts<\/strong> \u2013 Ukrainian, English<br><strong>workshop materials<\/strong> \u2212 English<\/p>\n\n\n\n<hr class=\"wp-block-separator has-alpha-channel-opacity\"\/>\n\n\n\n<h3 class=\"wp-block-heading\">During the conference it is planned to:<\/h3>\n\n\n\n<p>\u2212 holding thematic seminars and round tables;<br>\u2212 meetings with representatives of the IT industry,<br>\u2212 Workshop on scientific and practical issues of cybersecurity and information technology<\/p>\n\n\n\n<p><em>Program Committee of the Workshop on Scientific and Practical Issues of Cybersecurity and Information Technology:<\/em><\/p>\n\n\n\n<p><strong>Mikolaj P. Karpinski,<\/strong> Professor, University of the National Education Commission, Poland<br><strong>Piotr Milczarski<\/strong>, Professor, Uniwersytet \u0141\u00f3dzki, Poland<br><strong>Artem Sokolov<\/strong>, Professor, National University &#8220;Odesa Law Academy&#8221;, Ukraine<br><strong>Mariia Nazarkevych<\/strong>, Professor, National University &#8220;Lviv Polytechnic&#8221;, Ukraine<br><strong>Oleksii Smirnov<\/strong>, Professor,Central Ukrainian National Technical University, Ukraine<\/p>\n\n\n\n<hr class=\"wp-block-separator has-alpha-channel-opacity\"\/>\n\n\n\n<h3 class=\"wp-block-heading\">As a result of the conference, it is planned to:<\/h3>\n\n\n\n<ul class=\"wp-block-list\">\n<li>After additional review by the scientific and editorial committee, the workshop materials will be recommended for publication on the CEUR platform.<br>(the organizers reserve the right to reject the materials submitted to the workshop without further explanation)<\/li>\n\n\n\n<li>electronic edition of the conference abstracts will be posted on the forum website<\/li>\n<\/ul>\n\n\n\n<hr class=\"wp-block-separator has-alpha-channel-opacity\"\/>\n\n\n\n<h2 class=\"wp-block-heading has-text-align-center\">Materials are subject to blind review.<\/h2>\n\n\n\n<h2 class=\"wp-block-heading has-text-align-center\"><a href=\"https:\/\/docs.google.com\/forms\/d\/e\/1FAIpQLSccmn1_S-W4F9-VtN94mRSQ9q96_X2H0QwSorIguGZHcNmjZg\/viewform?usp=publish-editor\" data-type=\"link\" data-id=\"https:\/\/docs.google.com\/forms\/d\/e\/1FAIpQLSccmn1_S-W4F9-VtN94mRSQ9q96_X2H0QwSorIguGZHcNmjZg\/viewform?usp=publish-editor\">REGISTRATION OF PARTICIPANTS<\/a><\/h2>\n\n\n\n<h2 class=\"wp-block-heading has-text-align-center\"><a href=\"https:\/\/cmt3.research.microsoft.com\/ISIT2026\/Submission\/Index\" data-type=\"link\" data-id=\"https:\/\/cmt3.research.microsoft.com\/User\/Login?ReturnUrl=%2FISIT2025%2F\">SUBMISSION OF MATERIALS TO THE CONFERENCE<\/a><\/h2>\n\n\n\n<p>The Microsoft CMT service was used for managing the peer-reviewing process for this conference. This service was provided for free by Microsoft and they bore all expenses, including costs for Azure cloud services as well as for software development and support.<\/p>\n\n\n\n<p>To submit materials, you must have an account on this platform. Links with instructions on how to use the platform are available below.<\/p>\n\n\n\n<p><strong>Link to create the account:<\/strong><br><a href=\"https:\/\/cmt3.research.microsoft.com\/docs\/help\/general\/account-creation.html\">https:\/\/cmt3.research.microsoft.com\/docs\/help\/general\/account-creation.html<\/a><\/p>\n\n\n\n<p><strong>Instructions for authors on submitting an article:<\/strong><br><a href=\"https:\/\/cmt3.research.microsoft.com\/docs\/help\/author\/author-submission-form.html\">https:\/\/cmt3.research.microsoft.com\/docs\/help\/author\/author-submission-form.html<\/a><\/p>\n\n\n\n<hr class=\"wp-block-separator has-alpha-channel-opacity\"\/>\n\n\n\n<ul class=\"wp-block-list\">\n<li><\/li>\n<\/ul>\n\n\n\n<h2 class=\"wp-block-heading has-text-align-center\">REQUIREMENTS FOR THE DESIGN OF MATERIALS<\/h2>\n\n\n\n<p>When preparing abstracts, please use&nbsp;the template&nbsp;. Abstracts of 1 full page are accepted for participation in the conference.<\/p>\n\n\n\n<p><strong>Requirements for drawing up theses of the report at the <a href=\"https:\/\/drive.google.com\/file\/d\/1jNMlygDBFc5i6Y-WMIooPUieufKQF0NS\/view?usp=sharing\">link<\/a><\/strong><\/p>\n\n\n\n<p><strong><em>Theses of the repor send to e-mail <a href=\"mailto:cbrscrt.khpi@gmail.com\">cbrscrt.khpi@gmail.com<\/a><\/em><\/strong><\/p>\n\n\n\n<p class=\"has-vivid-cyan-blue-color has-text-color has-link-color wp-elements-069ed8ba069768e6fbe634f66dbc7266\">To participate in the Workshop are invited:<\/p>\n\n\n\n<p>1. Short article (with references) contains 5 to 9 pages of CEUR-WS.<br>2. A normal article contains at least 10 CEUR-WS pages and an appropriate number of references.<\/p>\n\n\n\n<p>Use the <a href=\"https:\/\/drive.google.com\/file\/d\/1pIECYmyDs-jq35mj2tNsz0nH5PBAb5kN\/view?usp=sharing\">ODT template for LibreOffice<\/a>. Papers prepared using other templates will be rejected.<br>The first author must have at least 5 articles , indexed on the DBLP platform.<\/p>\n\n\n\n<p class=\"has-vivid-red-color has-text-color has-link-color wp-elements-882380ddf07fb629401e98e30c7951b0\">Materials that do not correspond to the topic will be rejected.<\/p>\n\n\n\n<p class=\"has-vivid-cyan-blue-color has-text-color has-link-color wp-elements-c89a94e0c5d94e78a02f7ec349817ca6\">When preparing materials, pay attention to the limitations:<\/p>\n\n\n\n<ol class=\"wp-block-list\">\n<li>One author may submit up to two papers.<\/li>\n\n\n\n<li>The number of authors in one article should not exceed five.<\/li>\n\n\n\n<li>Self-citation should not exceed 30% (of the total number of sources).<\/li>\n<\/ol>\n\n\n\n<hr class=\"wp-block-separator has-alpha-channel-opacity\"\/>\n\n\n\n<h2 class=\"wp-block-heading has-text-align-center\">CONTACT DETAILS OF THE ORGANIZING COMMITTEE:<\/h2>\n\n\n\n<p><strong>National Technical University \u201cKharkiv Polytechnic Institute\u201d<\/strong>, 2, Kyrpychova St., Kharkiv, Ukraine, 61002<\/p>\n\n\n\n<p><strong>National University \u00abOstroh Academy\u00bb, <\/strong>2 Seminarska St.,Ostroh, Ukraine,35800.<\/p>\n\n\n\n<p><strong>Phone numbers for inquiries:<\/strong><br>+38 (067) 574-47-11 (Karpenko Nataliia)<br>+38 (095) 360-66-13 (Yevseiev Serhii)<br>+38 (066) 715-55-95 (Sevriukova Yelizaveta)<\/p>\n\n\n\n<p><strong>e-mail:<\/strong> <a href=\"cbrscrt.khpi@gmail.com\">cbrscrt.khpi@gmail.com<\/a><\/p>\n","protected":false},"excerpt":{"rendered":"<p>WARNING!!! The deadline for submitting materials has been extended until April 15, 2026 April 29 &#8211; May 1, 2026, on the basis of the National University &#8220;Ostroh Academy&#8221; will host the VI International Scientific and Practical Conference \u201cInformation Security and Information Technologies\u201d, dedicated to topical areas of information technologies development in Ukraine and the world. Scientists, lecturers, graduate students, students, employees of scientific institutions and industrial enterprises are invited to participate in the conference. CONFERENCE ORGANIZERS: MINISTRY OF EDUCATION AND&#8230;<\/p>\n<p class=\"read-more\"><a class=\"btn btn-default\" href=\"https:\/\/cybersecurity.khpi.edu.ua\/conf\/?page_id=367&#038;lang=en\"> Read More<span class=\"screen-reader-text\">  Read More<\/span><\/a><\/p>\n","protected":false},"author":1,"featured_media":0,"parent":0,"menu_order":0,"comment_status":"closed","ping_status":"closed","template":"","meta":{"_acf_changed":false,"footnotes":""},"class_list":["post-367","page","type-page","status-publish","hentry"],"acf":[],"_links":{"self":[{"href":"https:\/\/cybersecurity.khpi.edu.ua\/conf\/index.php?rest_route=\/wp\/v2\/pages\/367","targetHints":{"allow":["GET"]}}],"collection":[{"href":"https:\/\/cybersecurity.khpi.edu.ua\/conf\/index.php?rest_route=\/wp\/v2\/pages"}],"about":[{"href":"https:\/\/cybersecurity.khpi.edu.ua\/conf\/index.php?rest_route=\/wp\/v2\/types\/page"}],"author":[{"embeddable":true,"href":"https:\/\/cybersecurity.khpi.edu.ua\/conf\/index.php?rest_route=\/wp\/v2\/users\/1"}],"replies":[{"embeddable":true,"href":"https:\/\/cybersecurity.khpi.edu.ua\/conf\/index.php?rest_route=%2Fwp%2Fv2%2Fcomments&post=367"}],"version-history":[{"count":248,"href":"https:\/\/cybersecurity.khpi.edu.ua\/conf\/index.php?rest_route=\/wp\/v2\/pages\/367\/revisions"}],"predecessor-version":[{"id":0,"href":"https:\/\/cybersecurity.khpi.edu.ua\/conf\/index.php?rest_route=\/wp\/v2\/pages\/367\/revisions\/0"}],"wp:attachment":[{"href":"https:\/\/cybersecurity.khpi.edu.ua\/conf\/index.php?rest_route=%2Fwp%2Fv2%2Fmedia&parent=367"}],"curies":[{"name":"wp","href":"https:\/\/api.w.org\/{rel}","templated":true}]}}